{"id":1811,"date":"2026-04-09T12:08:11","date_gmt":"2026-04-09T16:08:11","guid":{"rendered":"https:\/\/nubedeagua.com\/?page_id=1811"},"modified":"2026-04-15T10:48:05","modified_gmt":"2026-04-15T14:48:05","slug":"for-sale","status":"publish","type":"page","link":"https:\/\/nubedeagua.com\/es\/for-sale\/","title":{"rendered":"En venta"},"content":{"rendered":"<div data-elementor-type=\"wp-page\" data-elementor-id=\"1811\" class=\"elementor elementor-1811\">\n\t\t\t\t<div class=\"elementor-element elementor-element-0361268 e-flex e-con-boxed e-con e-parent\" data-id=\"0361268\" data-element_type=\"container\" data-e-type=\"container\" data-settings=\"{&quot;background_background&quot;:&quot;classic&quot;}\">\n\t\t\t\t\t<div class=\"e-con-inner\">\n\t\t<div class=\"elementor-element elementor-element-ee6d1b5 e-con-full e-flex e-con e-child\" data-id=\"ee6d1b5\" data-element_type=\"container\" data-e-type=\"container\" data-settings=\"{&quot;background_background&quot;:&quot;classic&quot;}\">\n\t\t\t\t\t\t\t\t<p class=\"e-a104530-d19f03c e-paragraph-base\" data-interaction-id=\"a104530\"  >\n\t\t\t\t\t\t\t\tGranja CABALLO VIEJO \u00b7 COOKVILLE, TN\n\t\t\t\t\t<\/p>\n\t\t\t\t\t\t\t<h2 \n\t\tdata-interaction-id=\"798f7e6\" \n\t\tclass=\"e-798f7e6-58e20bf e-heading-base\" \n\t\t \n\t\t\n\t>\n\t\n\t\t\tAnimales en venta\n\t\t<\/h2>\n\t\t\t\t\t\t\t\t<p class=\"e-ca0cffd-65d103b e-paragraph-base\" data-interaction-id=\"ca0cffd\"  >\n\t\t\t\t\t\t\t\tTodos nuestros animales nacen y se cr\u00edan en la Granja Caballo Viejo. Crecen sanos, amados y en su entorno natural. Hacemos env\u00edos locales; la mayor\u00eda de nuestros compradores son agricultores de Tennessee y estados vecinos.\n\t\t\t\t\t<\/p>\n\t\t\t\t\t\t\t\t<p class=\"e-3abed35-e3cb8e7 e-paragraph-base\" data-interaction-id=\"3abed35\"  >\n\t\t\t\t\t\t\t\t\u2713 Nacido y criado en la granja\n\t\t\t\t\t<\/p>\n\t\t\t\t<\/div>\n\t\t\t\t\t<\/div>\n\t\t\t\t<\/div>\n\t\t<div class=\"elementor-element elementor-element-ec1075f e-flex e-con-boxed e-con e-parent\" data-id=\"ec1075f\" data-element_type=\"container\" data-e-type=\"container\" data-settings=\"{&quot;background_background&quot;:&quot;classic&quot;}\">\n\t\t\t\t\t<div class=\"e-con-inner\">\n\t\t<div class=\"elementor-element elementor-element-2b23851 e-con-full e-flex e-con e-child\" data-id=\"2b23851\" data-element_type=\"container\" data-e-type=\"container\" data-settings=\"{&quot;background_background&quot;:&quot;classic&quot;}\">\n\t\t\t\t\t\t\t<h2 \n\t\tdata-interaction-id=\"4924d35\" \n\t\tclass=\"e-heading-base\" \n\t\t \n\t\t\n\t>\n\t\n\t\t\tVacas miniatura\n\t\t<\/h2>\n\t\t\t\t\t\t\t\t<p class=\"e-8e0fc11-f70a2e5 e-paragraph-base\" data-interaction-id=\"8e0fc11\"  >\n\t\t\t\t\t\t\t\tDisponible ahora\n\t\t\t\t\t<\/p>\n\t\t\t\t<\/div>\n\t\t\t\t\t<\/div>\n\t\t\t\t<\/div>\n\t\t<div class=\"elementor-element elementor-element-17675f7 e-flex e-con-boxed e-con e-parent\" data-id=\"17675f7\" data-element_type=\"container\" data-e-type=\"container\">\n\t\t\t\t\t<div class=\"e-con-inner\">\n\t\t<div class=\"elementor-element elementor-element-1f8794b e-con-full e-flex e-con e-child\" data-id=\"1f8794b\" data-element_type=\"container\" data-e-type=\"container\">\n\t\t<div class=\"elementor-element elementor-element-26e5adf e-con-full e-flex e-con e-child\" data-id=\"26e5adf\" data-element_type=\"container\" data-e-type=\"container\">\n\t\t\t\t\t\t\t<h2 \n\t\tdata-interaction-id=\"1b2012a\" \n\t\tclass=\"e-1b2012a-30a4e39 e-heading-base\" \n\t\t \n\t\t\n\t>\n\t\n\t\t\tCarb\u00f3n\n\t\t<\/h2>\n\t\t\t\t\t\t\t\t<p class=\"e-2158962-b033abe e-paragraph-base\" data-interaction-id=\"2158962\"  >\n\t\t\t\t\t\t\t\tHijo de Bonita y Orinoco<br><br><strong id=\"e-mntdnqfy-e02rj5g\">Raza:<\/strong>&nbsp;pendiente<br><br><strong id=\"e-mntdnqfy-lmrl89t\">Fecha de nacimiento:<\/strong> pendiente<br><br><strong id=\"e-mntdnqfz-vjvvokx\">G\u00e9nero:<\/strong> Hombre\n\t\t\t\t\t<\/p>\n\t\t\t\t<\/div>\n\t\t<div class=\"elementor-element elementor-element-cf5e41c e-con-full e-flex e-con e-child\" data-id=\"cf5e41c\" data-element_type=\"container\" data-e-type=\"container\">\n\t\t\t\t\t\t\t\n\t\t<img class=\"e-image-base\" \n\t\t\t\t\tdata-interaction-id=\"ea8ec28\" \n\t\t \n\t\t \n\t\t\t\t\t\t\t\t\tsrc=\"https:\/\/nubedeagua.com\/wp-content\/plugins\/elementor\/assets\/images\/placeholder-v4.svg\"\n\t\t\t\t\t\t\/>\n\t\t\t\t\t<\/div>\n\t\t<div class=\"elementor-element elementor-element-e2b2927 e-con-full e-flex e-con e-child\" data-id=\"e2b2927\" data-element_type=\"container\" data-e-type=\"container\">\n\t\t\t\t\t\t\t\t<p class=\"e-e96a739-95e1c4e e-paragraph-base\" data-interaction-id=\"e96a739\"  >\n\t\t\t\t\t\t\t\t<strong>Sobre el Carb\u00f3n<br><\/strong><br><em>M\u00e1s detalles pr\u00f3ximamente: fotos e informaci\u00f3n completa estar\u00e1n disponibles en breve.<\/em>\n\t\t\t\t\t<\/p>\n\t\t\t\t\t    \t            <a\n            \t\t\thref=\"sms:+14073284746\"\n        target=\"_self\"\n            class=\"e-22ccb01-577ff05 e-button-base\"\n            data-interaction-id=\"22ccb01\"\n             \n        >\n            Pregunta sobre carb\u00f3n\n        <\/a>\n    \t\t\t\t<\/div>\n\t\t\t\t<\/div>\n\t\t\t\t\t<\/div>\n\t\t\t\t<\/div>\n\t\t<div class=\"elementor-element elementor-element-4f605f1 e-flex e-con-boxed e-con e-parent\" data-id=\"4f605f1\" data-element_type=\"container\" data-e-type=\"container\" data-settings=\"{&quot;background_background&quot;:&quot;classic&quot;}\">\n\t\t\t\t\t<div class=\"e-con-inner\">\n\t\t<div class=\"elementor-element elementor-element-7e8816e e-con-full e-flex e-con e-child\" data-id=\"7e8816e\" data-element_type=\"container\" data-e-type=\"container\" data-settings=\"{&quot;background_background&quot;:&quot;classic&quot;}\">\n\t\t\t\t\t\t\t<h2 \n\t\tdata-interaction-id=\"14bff42\" \n\t\tclass=\"e-heading-base\" \n\t\t \n\t\t\n\t>\n\t\n\t\t\tOvejas y cabras\n\t\t<\/h2>\n\t\t\t\t\t\t\t\t<p class=\"e-af0fd96-2c7add2 e-paragraph-base\" data-interaction-id=\"af0fd96\"  >\n\t\t\t\t\t\t\t\tDisponible ahora\n\t\t\t\t\t<\/p>\n\t\t\t\t<\/div>\n\t\t\t\t\t<\/div>\n\t\t\t\t<\/div>\n\t\t<div class=\"elementor-element elementor-element-e74b8e9 e-flex e-con-boxed e-con e-parent\" data-id=\"e74b8e9\" data-element_type=\"container\" data-e-type=\"container\">\n\t\t\t\t\t<div class=\"e-con-inner\">\n\t\t<div class=\"elementor-element elementor-element-97d564a e-con-full e-flex e-con e-child\" data-id=\"97d564a\" data-element_type=\"container\" data-e-type=\"container\">\n\t\t<div class=\"elementor-element elementor-element-78ea619 e-con-full e-flex e-con e-child\" data-id=\"78ea619\" data-element_type=\"container\" data-e-type=\"container\">\n\t\t\t\t\t\t\t<h2 \n\t\tdata-interaction-id=\"ff34f7d\" \n\t\tclass=\"e-ff34f7d-e4502fa e-heading-base\" \n\t\t \n\t\t\n\t>\n\t\n\t\t\tNombre\n\t\t<\/h2>\n\t\t\t\t\t\t\t\t<p class=\"e-09ede6f-3356c3f e-paragraph-base\" data-interaction-id=\"09ede6f\"  >\n\t\t\t\t\t\t\t\tHija de Paz<br><br><strong>Raza:<\/strong>&nbsp;pendiente<br><br><strong>Fecha de nacimiento:<\/strong> pendiente<br><br><strong>G\u00e9nero:<\/strong> Mujer\n\t\t\t\t\t<\/p>\n\t\t\t\t<\/div>\n\t\t<div class=\"elementor-element elementor-element-7376f8e e-con-full e-flex e-con e-child\" data-id=\"7376f8e\" data-element_type=\"container\" data-e-type=\"container\">\n\t\t\t\t\t\t\t\n\t\t<img class=\"e-image-base\" \n\t\t\t\t\tdata-interaction-id=\"6c57ce0\" \n\t\t \n\t\t \n\t\t\t\t\t\t\t\t\tsrc=\"https:\/\/nubedeagua.com\/wp-content\/plugins\/elementor\/assets\/images\/placeholder-v4.svg\"\n\t\t\t\t\t\t\/>\n\t\t\t\t\t<\/div>\n\t\t<div class=\"elementor-element elementor-element-2b5a99e e-con-full e-flex e-con e-child\" data-id=\"2b5a99e\" data-element_type=\"container\" data-e-type=\"container\">\n\t\t\t\t\t\t\t\t<p class=\"e-aab1ce1-235e944 e-paragraph-base\" data-interaction-id=\"aab1ce1\"  >\n\t\t\t\t\t\t\t\t<strong>Sobre el Carb\u00f3n<br><\/strong><br><em>M\u00e1s detalles pr\u00f3ximamente: fotos e informaci\u00f3n completa estar\u00e1n disponibles en breve.<\/em>\n\t\t\t\t\t<\/p>\n\t\t\t\t\t    \t            <a\n            \t\t\thref=\"sms:+14073284746\"\n        target=\"_self\"\n            class=\"e-df508b7-c94235c e-button-base\"\n            data-interaction-id=\"df508b7\"\n             \n        >\n            Consulta sobre...\n        <\/a>\n    \t\t\t\t<\/div>\n\t\t\t\t<\/div>\n\t\t\t\t\t<\/div>\n\t\t\t\t<\/div>\n\t\t<div class=\"elementor-element elementor-element-5c76ff6 e-flex e-con-boxed e-con e-parent\" data-id=\"5c76ff6\" data-element_type=\"container\" data-e-type=\"container\">\n\t\t\t\t\t<div class=\"e-con-inner\">\n\t\t<div class=\"elementor-element elementor-element-d6d1dd9 e-con-full e-flex e-con e-child\" data-id=\"d6d1dd9\" data-element_type=\"container\" data-e-type=\"container\">\n\t\t<div class=\"elementor-element elementor-element-dacd1ab e-con-full e-flex e-con e-child\" data-id=\"dacd1ab\" data-element_type=\"container\" data-e-type=\"container\">\n\t\t\t\t\t\t\t<h2 \n\t\tdata-interaction-id=\"f7f84de\" \n\t\tclass=\"e-f7f84de-de7f717 e-heading-base\" \n\t\t \n\t\t\n\t>\n\t\n\t\t\tNombre\n\t\t<\/h2>\n\t\t\t\t\t\t\t\t<p class=\"e-2699a7c-6c3d69b e-paragraph-base\" data-interaction-id=\"2699a7c\"  >\n\t\t\t\t\t\t\t\tHija de Paz<br><br><strong>Raza:<\/strong>&nbsp;pendiente<br><br><strong>Fecha de nacimiento:<\/strong> pendiente<br><br><strong>G\u00e9nero:<\/strong> Mujer\n\t\t\t\t\t<\/p>\n\t\t\t\t<\/div>\n\t\t<div class=\"elementor-element elementor-element-0a281a3 e-con-full e-flex e-con e-child\" data-id=\"0a281a3\" data-element_type=\"container\" data-e-type=\"container\">\n\t\t\t\t\t\t\t\n\t\t<img class=\"e-image-base\" \n\t\t\t\t\tdata-interaction-id=\"c2eb6fc\" \n\t\t \n\t\t \n\t\t\t\t\t\t\t\t\tsrc=\"https:\/\/nubedeagua.com\/wp-content\/plugins\/elementor\/assets\/images\/placeholder-v4.svg\"\n\t\t\t\t\t\t\/>\n\t\t\t\t\t<\/div>\n\t\t<div class=\"elementor-element elementor-element-0807df5 e-con-full e-flex e-con e-child\" data-id=\"0807df5\" data-element_type=\"container\" data-e-type=\"container\">\n\t\t\t\t\t\t\t\t<p class=\"e-6bd481b-d3e5a23 e-paragraph-base\" data-interaction-id=\"6bd481b\"  >\n\t\t\t\t\t\t\t\t<strong>Sobre el Carb\u00f3n<br><\/strong><br><em>M\u00e1s detalles pr\u00f3ximamente: fotos e informaci\u00f3n completa estar\u00e1n disponibles en breve.<\/em>\n\t\t\t\t\t<\/p>\n\t\t\t\t\t    \t            <a\n            \t\t\thref=\"sms:+14073284746\"\n        target=\"_self\"\n            class=\"e-ee885cf-3793720 e-button-base\"\n            data-interaction-id=\"ee885cf\"\n             \n        >\n            Consulta sobre...\n        <\/a>\n    \t\t\t\t<\/div>\n\t\t\t\t<\/div>\n\t\t\t\t\t<\/div>\n\t\t\t\t<\/div>\n\t\t<div class=\"elementor-element elementor-element-a92e569 e-flex e-con-boxed e-con e-parent\" data-id=\"a92e569\" data-element_type=\"container\" data-e-type=\"container\">\n\t\t\t\t\t<div class=\"e-con-inner\">\n\t\t<div class=\"elementor-element elementor-element-867e482 e-con-full e-flex e-con e-child\" data-id=\"867e482\" data-element_type=\"container\" data-e-type=\"container\">\n\t\t<div class=\"elementor-element elementor-element-993c1e8 e-con-full e-flex e-con e-child\" data-id=\"993c1e8\" data-element_type=\"container\" data-e-type=\"container\">\n\t\t\t\t\t\t\t<h2 \n\t\tdata-interaction-id=\"3bdc043\" \n\t\tclass=\"e-3bdc043-bd9f3e5 e-heading-base\" \n\t\t \n\t\t\n\t>\n\t\n\t\t\tNombre\n\t\t<\/h2>\n\t\t\t\t\t\t\t\t<p class=\"e-118e312-ca7f589 e-paragraph-base\" data-interaction-id=\"118e312\"  >\n\t\t\t\t\t\t\t\tHija de Amor <br><br><strong>Raza:<\/strong>&nbsp;pendiente<br><br><strong>Fecha de nacimiento:<\/strong> pendiente<br><br><strong>G\u00e9nero:<\/strong> Mujer\n\t\t\t\t\t<\/p>\n\t\t\t\t<\/div>\n\t\t<div class=\"elementor-element elementor-element-55534cf e-con-full e-flex e-con e-child\" data-id=\"55534cf\" data-element_type=\"container\" data-e-type=\"container\">\n\t\t\t\t\t\t\t\n\t\t<img class=\"e-image-base\" \n\t\t\t\t\tdata-interaction-id=\"5221301\" \n\t\t \n\t\t \n\t\t\t\t\t\t\t\t\tsrc=\"https:\/\/nubedeagua.com\/wp-content\/plugins\/elementor\/assets\/images\/placeholder-v4.svg\"\n\t\t\t\t\t\t\/>\n\t\t\t\t\t<\/div>\n\t\t<div class=\"elementor-element elementor-element-0a74a42 e-con-full e-flex e-con e-child\" data-id=\"0a74a42\" data-element_type=\"container\" data-e-type=\"container\">\n\t\t\t\t\t\t\t\t<p class=\"e-c420440-f6ec4a2 e-paragraph-base\" data-interaction-id=\"c420440\"  >\n\t\t\t\t\t\t\t\t<strong>Sobre el Carb\u00f3n<br><\/strong><br><em>M\u00e1s detalles pr\u00f3ximamente: fotos e informaci\u00f3n completa estar\u00e1n disponibles en breve.<\/em>\n\t\t\t\t\t<\/p>\n\t\t\t\t<\/div>\n\t\t\t\t<\/div>\n\t\t\t\t\t<\/div>\n\t\t\t\t<\/div>\n\t\t<div class=\"elementor-element elementor-element-9d55495 e-flex e-con-boxed e-con e-parent\" data-id=\"9d55495\" data-element_type=\"container\" data-e-type=\"container\">\n\t\t\t\t\t<div class=\"e-con-inner\">\n\t\t<div class=\"elementor-element elementor-element-413ea84 e-con-full e-flex e-con e-child\" data-id=\"413ea84\" data-element_type=\"container\" data-e-type=\"container\">\n\t\t<div class=\"elementor-element elementor-element-0b5db43 e-con-full e-flex e-con e-child\" data-id=\"0b5db43\" data-element_type=\"container\" data-e-type=\"container\">\n\t\t\t\t\t\t\t<h2 \n\t\tdata-interaction-id=\"9ac132a\" \n\t\tclass=\"e-9ac132a-b43c375 e-heading-base\" \n\t\t \n\t\t\n\t>\n\t\n\t\t\tNombre\n\t\t<\/h2>\n\t\t\t\t\t\t\t\t<p class=\"e-4b77fc7-8d65638 e-paragraph-base\" data-interaction-id=\"4b77fc7\"  >\n\t\t\t\t\t\t\t\tHija de Amor <br><br><strong>Raza:<\/strong>&nbsp;pendiente<br><br><strong>Fecha de nacimiento:<\/strong> pendiente<br><br><strong>G\u00e9nero:<\/strong> Mujer\n\t\t\t\t\t<\/p>\n\t\t\t\t<\/div>\n\t\t<div class=\"elementor-element elementor-element-58041eb e-con-full e-flex e-con e-child\" data-id=\"58041eb\" data-element_type=\"container\" data-e-type=\"container\">\n\t\t\t\t\t\t\t\n\t\t<img class=\"e-image-base\" \n\t\t\t\t\tdata-interaction-id=\"bfaabf7\" \n\t\t \n\t\t \n\t\t\t\t\t\t\t\t\tsrc=\"https:\/\/nubedeagua.com\/wp-content\/plugins\/elementor\/assets\/images\/placeholder-v4.svg\"\n\t\t\t\t\t\t\/>\n\t\t\t\t\t<\/div>\n\t\t<div class=\"elementor-element elementor-element-1507a3a e-con-full e-flex e-con e-child\" data-id=\"1507a3a\" data-element_type=\"container\" data-e-type=\"container\">\n\t\t\t\t\t\t\t\t<p class=\"e-487cf3a-6da4800 e-paragraph-base\" data-interaction-id=\"487cf3a\"  >\n\t\t\t\t\t\t\t\t<strong>Sobre el Carb\u00f3n<br><\/strong><br><em>M\u00e1s detalles pr\u00f3ximamente: fotos e informaci\u00f3n completa estar\u00e1n disponibles en breve.<\/em>\n\t\t\t\t\t<\/p>\n\t\t\t\t\t    \t            <a\n            \t\t\thref=\"sms:+14073284746\"\n        target=\"_self\"\n            class=\"e-854bccb-cd36ef7 e-button-base\"\n            data-interaction-id=\"854bccb\"\n             \n        >\n            Consulta sobre...\n        <\/a>\n    \t\t\t\t<\/div>\n\t\t\t\t<\/div>\n\t\t\t\t\t<\/div>\n\t\t\t\t<\/div>\n\t\t<div class=\"elementor-element elementor-element-f915bb9 e-flex e-con-boxed e-con e-parent\" data-id=\"f915bb9\" data-element_type=\"container\" data-e-type=\"container\" data-settings=\"{&quot;background_background&quot;:&quot;classic&quot;}\">\n\t\t\t\t\t<div class=\"e-con-inner\">\n\t\t\t\t\t\t\t<h2 \n\t\tdata-interaction-id=\"58ef859\" \n\t\tclass=\"e-58ef859-e261c46 e-heading-base\" \n\t\t \n\t\t\n\t>\n\t\n\t\t\t\u00bfC\u00f3mo funciona?\n\t\t<\/h2>\n\t\t\t\t\t\t\t\t<p class=\"e-7e9e348-763b050 e-paragraph-base\" data-interaction-id=\"7e9e348\"  >\n\t\t\t\t\t\t\t\tEscr\u00edbenos por WhatsApp y te responderemos de inmediato. Estaremos encantados de compartir fotos, responder preguntas y coordinar una recogida local en Cookeville, Tennessee.\n\t\t\t\t\t<\/p>\n\t\t\t\t\t    \t            <button class=\"e-bdfaa72-62b4a43 e-button-base\" data-interaction-id=\"bdfaa72\"  >\n            Cont\u00e1ctanos\n        <\/button>\n    \t\t\t\t\t<\/div>\n\t\t\t\t<\/div>\n\t\t\t\t<\/div>","protected":false},"excerpt":{"rendered":"<p>CABALLO VIEJO FARM \u00b7 COOKVILLE, TN Animals for Sale All our animals are born and raised at Caballo Viejo Farm. [&hellip;]<\/p>\n","protected":false},"author":1,"featured_media":0,"parent":0,"menu_order":0,"comment_status":"closed","ping_status":"closed","template":"","meta":{"site-sidebar-layout":"no-sidebar","site-content-layout":"","ast-site-content-layout":"full-width-container","site-content-style":"default","site-sidebar-style":"default","ast-global-header-display":"","ast-banner-title-visibility":"","ast-main-header-display":"","ast-hfb-above-header-display":"","ast-hfb-below-header-display":"","ast-hfb-mobile-header-display":"","site-post-title":"disabled","ast-breadcrumbs-content":"","ast-featured-img":"disabled","footer-sml-layout":"","ast-disable-related-posts":"","theme-transparent-header-meta":"default","adv-header-id-meta":"","stick-header-meta":"","header-above-stick-meta":"","header-main-stick-meta":"","header-below-stick-meta":"","astra-migrate-meta-layouts":"set","ast-page-background-enabled":"default","ast-page-background-meta":{"desktop":{"background-color":"var(--ast-global-color-5)","background-image":"","background-repeat":"repeat","background-position":"center center","background-size":"auto","background-attachment":"scroll","background-type":"","background-media":"","overlay-type":"","overlay-color":"","overlay-opacity":"","overlay-gradient":""},"tablet":{"background-color":"","background-image":"","background-repeat":"repeat","background-position":"center center","background-size":"auto","background-attachment":"scroll","background-type":"","background-media":"","overlay-type":"","overlay-color":"","overlay-opacity":"","overlay-gradient":""},"mobile":{"background-color":"","background-image":"","background-repeat":"repeat","background-position":"center center","background-size":"auto","background-attachment":"scroll","background-type":"","background-media":"","overlay-type":"","overlay-color":"","overlay-opacity":"","overlay-gradient":""}},"ast-content-background-meta":{"desktop":{"background-color":"var(--ast-global-color-4)","background-image":"","background-repeat":"repeat","background-position":"center center","background-size":"auto","background-attachment":"scroll","background-type":"","background-media":"","overlay-type":"","overlay-color":"","overlay-opacity":"","overlay-gradient":""},"tablet":{"background-color":"var(--ast-global-color-4)","background-image":"","background-repeat":"repeat","background-position":"center center","background-size":"auto","background-attachment":"scroll","background-type":"","background-media":"","overlay-type":"","overlay-color":"","overlay-opacity":"","overlay-gradient":""},"mobile":{"background-color":"var(--ast-global-color-4)","background-image":"","background-repeat":"repeat","background-position":"center center","background-size":"auto","background-attachment":"scroll","background-type":"","background-media":"","overlay-type":"","overlay-color":"","overlay-opacity":"","overlay-gradient":""}},"footnotes":""},"class_list":["post-1811","page","type-page","status-publish","hentry"],"rttpg_featured_image_url":null,"rttpg_author":{"display_name":"nubedeagua","author_link":"https:\/\/nubedeagua.com\/es\/author\/nubedeagua\/"},"rttpg_comment":0,"rttpg_category":null,"rttpg_excerpt":"CABALLO VIEJO FARM \u00b7 COOKVILLE, TN Animals for Sale All our animals are born and raised at Caballo Viejo Farm. [&hellip;]","_links":{"self":[{"href":"https:\/\/nubedeagua.com\/es\/wp-json\/wp\/v2\/pages\/1811","targetHints":{"allow":["GET"]}}],"collection":[{"href":"https:\/\/nubedeagua.com\/es\/wp-json\/wp\/v2\/pages"}],"about":[{"href":"https:\/\/nubedeagua.com\/es\/wp-json\/wp\/v2\/types\/page"}],"author":[{"embeddable":true,"href":"https:\/\/nubedeagua.com\/es\/wp-json\/wp\/v2\/users\/1"}],"replies":[{"embeddable":true,"href":"https:\/\/nubedeagua.com\/es\/wp-json\/wp\/v2\/comments?post=1811"}],"version-history":[{"count":7,"href":"https:\/\/nubedeagua.com\/es\/wp-json\/wp\/v2\/pages\/1811\/revisions"}],"predecessor-version":[{"id":1952,"href":"https:\/\/nubedeagua.com\/es\/wp-json\/wp\/v2\/pages\/1811\/revisions\/1952"}],"wp:attachment":[{"href":"https:\/\/nubedeagua.com\/es\/wp-json\/wp\/v2\/media?parent=1811"}],"curies":[{"name":"wp","href":"https:\/\/api.w.org\/{rel}","templated":true}]}}